{"id":18328,"date":"2024-09-25T20:47:49","date_gmt":"2024-09-25T20:47:49","guid":{"rendered":"https:\/\/divinidigital.com\/?page_id=18328"},"modified":"2026-03-25T11:49:09","modified_gmt":"2026-03-25T11:49:09","slug":"privacypolicy-2","status":"publish","type":"page","link":"https:\/\/divinidigital.com\/it\/privacypolicy-2\/","title":{"rendered":"Cookies Policy"},"content":{"rendered":"<div data-elementor-type=\"wp-page\" data-elementor-id=\"18328\" class=\"elementor elementor-18328\" data-elementor-post-type=\"page\">\n\t\t\t\t\t\t<section class=\"elementor-section elementor-top-section elementor-element elementor-element-278d9ee2 elementor-section-boxed elementor-section-height-default elementor-section-height-default\" data-id=\"278d9ee2\" data-element_type=\"section\">\n\t\t\t\t\t\t<div class=\"elementor-container elementor-column-gap-default\">\n\t\t\t\t\t<div class=\"elementor-column elementor-col-100 elementor-top-column elementor-element elementor-element-43204973\" data-id=\"43204973\" data-element_type=\"column\">\n\t\t\t<div class=\"elementor-widget-wrap elementor-element-populated\">\n\t\t\t\t\t\t<div class=\"elementor-element elementor-element-49f0291f elementor-widget elementor-widget-text-editor\" data-id=\"49f0291f\" data-element_type=\"widget\" data-widget_type=\"text-editor.default\">\n\t\t\t\t<div class=\"elementor-widget-container\">\n\t\t\t\t\t\t\t\t\t\n<h5 data-section-id=\"x1fuap\" data-start=\"86\" data-end=\"102\">COOKIE POLICY<\/h5>\n<p><strong data-start=\"104\" data-end=\"132\">Last updated: 25\/01\/2026<\/strong><\/p>\n<h6 data-section-id=\"t6j0gp\" data-start=\"139\" data-end=\"158\">\u00a0<\/h6>\n<h6 data-section-id=\"t6j0gp\" data-start=\"139\" data-end=\"158\">1. Introduction<\/h6>\n<h6 data-start=\"160\" data-end=\"285\">This Cookie Policy explains how <strong data-start=\"192\" data-end=\"230\">Divini Digital<\/strong>\u00a0uses cookies and similar technologies on this website.<\/h6>\n<h6 data-start=\"287\" data-end=\"376\">For more information on how we process personal data, please refer to our Privacy Policy.<\/h6>\n<h6 data-section-id=\"1pwuto1\" data-start=\"383\" data-end=\"406\">\u00a0<\/h6>\n<h6 data-section-id=\"1pwuto1\" data-start=\"383\" data-end=\"406\">2. What Are Cookies<\/h6>\n<h6 data-start=\"408\" data-end=\"608\">Cookies are small text files that are stored on your device when you visit a website. They help improve user experience, enable certain website functions, and provide information to the website owner.<\/h6>\n<h6 data-section-id=\"gyx5j3\" data-start=\"615\" data-end=\"645\">\u00a0<\/h6>\n<h6 data-section-id=\"gyx5j3\" data-start=\"615\" data-end=\"645\">3. Types of Cookies We Use<\/h6>\n<h6 data-start=\"647\" data-end=\"699\">This website may use the following types of cookies:<\/h6>\n<h6 data-start=\"706\" data-end=\"743\">\u00a0<\/h6>\n<h6 data-start=\"706\" data-end=\"743\">a. Technical (Necessary) Cookies<\/h6>\n<h6 data-start=\"745\" data-end=\"815\">These cookies are essential for the proper functioning of the website.<\/h6>\n<h6 data-start=\"817\" data-end=\"851\">They allow basic features such as:<\/h6>\n<ul data-start=\"852\" data-end=\"928\">\n<li data-section-id=\"dxslw1\" data-start=\"852\" data-end=\"871\">\n<h6>page navigation<\/h6>\n<\/li>\n<li data-section-id=\"2z7oec\" data-start=\"872\" data-end=\"898\">\n<h6>access to secure areas<\/h6>\n<\/li>\n<li data-section-id=\"k7i0pk\" data-start=\"899\" data-end=\"928\">\n<h6>proper display of content<\/h6>\n<\/li>\n<\/ul>\n<h6 data-start=\"930\" data-end=\"972\">These cookies do not require user consent.<\/h6>\n<h6 data-start=\"979\" data-end=\"1004\">\u00a0<\/h6>\n<h6 data-start=\"979\" data-end=\"1004\">b. Analytics Cookies<\/h6>\n<h6 data-start=\"1006\" data-end=\"1112\">These cookies help us understand how users interact with the website by collecting anonymous data such as:<\/h6>\n<ul data-start=\"1114\" data-end=\"1184\">\n<li data-section-id=\"17j6yzh\" data-start=\"1114\" data-end=\"1136\">\n<h6>number of visitors<\/h6>\n<\/li>\n<li data-section-id=\"1ltoxbs\" data-start=\"1137\" data-end=\"1154\">\n<h6>pages visited<\/h6>\n<\/li>\n<li data-section-id=\"1pxom76\" data-start=\"1155\" data-end=\"1184\">\n<h6>time spent on the website<\/h6>\n<\/li>\n<\/ul>\n<h6 data-start=\"1186\" data-end=\"1260\">These cookies are used to improve website performance and user experience.<\/h6>\n<h6 data-start=\"1267\" data-end=\"1306\">\u00a0<\/h6>\n<h6 data-start=\"1267\" data-end=\"1306\">c. Marketing and Profiling Cookies<\/h6>\n<h6 data-start=\"1308\" data-end=\"1334\">These cookies are used to:<\/h6>\n<ul data-start=\"1336\" data-end=\"1424\">\n<li data-section-id=\"15ggzay\" data-start=\"1336\" data-end=\"1359\">\n<h6>track user behavior<\/h6>\n<\/li>\n<li data-section-id=\"y18aci\" data-start=\"1360\" data-end=\"1395\">\n<h6>measure advertising performance<\/h6>\n<\/li>\n<li data-section-id=\"1pickoh\" data-start=\"1396\" data-end=\"1424\">\n<h6>deliver personalized ads<\/h6>\n<\/li>\n<\/ul>\n<h6 data-start=\"1426\" data-end=\"1458\">These may include tools such as:<\/h6>\n<ul data-start=\"1460\" data-end=\"1542\">\n<li data-section-id=\"1et658j\" data-start=\"1460\" data-end=\"1495\">\n<h6>Meta (Facebook\/Instagram) Pixel<\/h6>\n<\/li>\n<li data-section-id=\"1ah2rav\" data-start=\"1496\" data-end=\"1510\">\n<h6>Google Ads<\/h6>\n<\/li>\n<li data-section-id=\"as3ii2\" data-start=\"1511\" data-end=\"1542\">\n<h6>other advertising platforms<\/h6>\n<\/li>\n<\/ul>\n<h6 data-start=\"1544\" data-end=\"1595\">These cookies are only activated with your consent.<\/h6>\n<h6 data-section-id=\"ogaj2j\" data-start=\"1602\" data-end=\"1628\">\u00a0<\/h6>\n<h6 data-section-id=\"ogaj2j\" data-start=\"1602\" data-end=\"1628\">4. Third-Party Cookies<\/h6>\n<h6 data-start=\"1630\" data-end=\"1706\">This website may use third-party services that place cookies on your device.<\/h6>\n<h6 data-start=\"1708\" data-end=\"1735\">These services may include:<\/h6>\n<ul data-start=\"1737\" data-end=\"1804\">\n<li data-section-id=\"ienyiv\" data-start=\"1737\" data-end=\"1776\">\n<h6>Meta Platforms (Facebook\/Instagram)<\/h6>\n<\/li>\n<li data-section-id=\"28gi3w\" data-start=\"1777\" data-end=\"1804\">\n<h6>Google (Analytics, Ads)<\/h6>\n<\/li>\n<\/ul>\n<h6 data-start=\"1806\" data-end=\"1879\">These third parties process data according to their own privacy policies.<\/h6>\n<h6 data-section-id=\"yeg0ms\" data-start=\"1886\" data-end=\"1904\">\u00a0<\/h6>\n<h6 data-section-id=\"yeg0ms\" data-start=\"1886\" data-end=\"1904\">5. Legal Basis<\/h6>\n<h6 data-start=\"1906\" data-end=\"1937\">The use of cookies is based on:<\/h6>\n<ul data-start=\"1939\" data-end=\"2041\">\n<li data-section-id=\"ir1y0n\" data-start=\"1939\" data-end=\"1986\">\n<h6>legitimate interest (for technical cookies)<\/h6>\n<\/li>\n<li data-section-id=\"1e8izkz\" data-start=\"1987\" data-end=\"2041\">\n<h6>user consent (for analytics and marketing cookies)<\/h6>\n<\/li>\n<\/ul>\n<h6 data-section-id=\"1koefd9\" data-start=\"2048\" data-end=\"2071\">\u00a0<\/h6>\n<h6 data-section-id=\"1koefd9\" data-start=\"2048\" data-end=\"2071\">6. Managing Cookies<\/h6>\n<h6 data-start=\"2073\" data-end=\"2127\">You can manage or disable cookies at any time through:<\/h6>\n<ul data-start=\"2129\" data-end=\"2212\">\n<li data-section-id=\"tr8b0w\" data-start=\"2129\" data-end=\"2154\">\n<h6>your browser settings<\/h6>\n<\/li>\n<li data-section-id=\"4vvahp\" data-start=\"2155\" data-end=\"2212\">\n<h6>the cookie banner displayed when visiting the website<\/h6>\n<\/li>\n<\/ul>\n<h6 data-start=\"2214\" data-end=\"2276\">Disabling cookies may affect the functionality of the website.<\/h6>\n<h6 data-section-id=\"1rbdi8m\" data-start=\"2283\" data-end=\"2324\">\u00a0<\/h6>\n<h6 data-section-id=\"1rbdi8m\" data-start=\"2283\" data-end=\"2324\">7. How to Control Cookies via Browser<\/h6>\n<h6 data-start=\"2326\" data-end=\"2360\">You can configure your browser to:<\/h6>\n<ul data-start=\"2362\" data-end=\"2439\">\n<li data-section-id=\"14w9y8m\" data-start=\"2362\" data-end=\"2379\">\n<h6>block cookies<\/h6>\n<\/li>\n<li data-section-id=\"1wrz8ue\" data-start=\"2380\" data-end=\"2398\">\n<h6>delete cookies<\/h6>\n<\/li>\n<li data-section-id=\"1986kln\" data-start=\"2399\" data-end=\"2439\">\n<h6>notify you before cookies are stored<\/h6>\n<\/li>\n<\/ul>\n<h6 data-start=\"2441\" data-end=\"2485\">Instructions vary depending on your browser.<\/h6>\n<h6 data-section-id=\"dtdnr2\" data-start=\"2492\" data-end=\"2506\">\u00a0<\/h6>\n<h6 data-section-id=\"dtdnr2\" data-start=\"2492\" data-end=\"2506\">8. Consent<\/h6>\n<h6 data-start=\"2508\" data-end=\"2588\">When you first visit this website, you may be asked to accept or manage cookies.<\/h6>\n<h6 data-start=\"2590\" data-end=\"2642\">You can withdraw or modify your consent at any time.<\/h6>\n<h6 data-section-id=\"1kcy8jy\" data-start=\"2649\" data-end=\"2678\">\u00a0<\/h6>\n<h6 data-section-id=\"1kcy8jy\" data-start=\"2649\" data-end=\"2678\">9. Updates to This Policy<\/h6>\n<h6 data-start=\"2680\" data-end=\"2725\">We may update this Cookie Policy at any time.<\/h6>\n<h6 data-start=\"2727\" data-end=\"2770\">Any changes will be published on this page.<\/h6>\n<h6 data-section-id=\"l5rwjt\" data-start=\"2777\" data-end=\"2792\">\u00a0<\/h6>\n<h6 data-section-id=\"l5rwjt\" data-start=\"2777\" data-end=\"2792\">10. Contact<\/h6>\n<h6 data-start=\"2794\" data-end=\"2841\">For any questions regarding this Cookie Policy:<\/h6>\n<h6 data-start=\"2843\" data-end=\"2871\"><a class=\"decorated-link cursor-pointer\" rel=\"noopener\" data-start=\"2846\" data-end=\"2869\">hello@divinidigital.com<\/a><\/h6>\n\t\t\t\t\t\t\t\t<\/div>\n\t\t\t\t<\/div>\n\t\t\t\t\t<\/div>\n\t\t<\/div>\n\t\t\t\t\t<\/div>\n\t\t<\/section>\n\t\t\t\t<\/div>","protected":false},"excerpt":{"rendered":"<p>COOKIE POLICY Last updated: 25\/01\/2026 \u00a0 1. Introduction This Cookie Policy explains how Divini Digital\u00a0uses cookies and similar technologies on this website. For more information on how we process personal data, please refer to our Privacy Policy. \u00a0 2. What Are Cookies Cookies are small text files that are stored on your device when you [&hellip;]<\/p>","protected":false},"author":2,"featured_media":0,"parent":0,"menu_order":0,"comment_status":"closed","ping_status":"closed","template":"elementor_header_footer","meta":{"_eb_attr":"","footnotes":""},"class_list":["post-18328","page","type-page","status-publish","hentry"],"rankMath":{"parentDomain":"divinidigital.com","noFollowDomains":[],"noFollowExcludeDomains":[],"noFollowExternalLinks":false,"featuredImageNotice":"L&#039;immagine in evidenza dovrebbe essere di almeno 200 x 200 pixel per essere ripresa da Facebook e altri siti di social media.","pluginReviewed":false,"postSettings":{"linkSuggestions":true,"useFocusKeyword":false},"frontEndScore":false,"postName":"privacypolicy-2","permalinkFormat":"https:\/\/divinidigital.com\/it\/%pagename%\/","showLockModifiedDate":true,"assessor":{"focusKeywordLink":"https:\/\/divinidigital.com\/wp-admin\/edit.php?focus_keyword=%focus_keyword%&post_type=%post_type%","hasTOCPlugin":true,"primaryTaxonomy":false,"serpData":{"title":"","description":"","focusKeywords":"","pillarContent":false,"canonicalUrl":"","breadcrumbTitle":"","advancedRobots":[],"facebookTitle":"","facebookDescription":"","facebookImage":"","facebookImageID":"","facebookHasOverlay":false,"facebookImageOverlay":"","facebookAuthor":"","twitterCardType":"","twitterUseFacebook":true,"twitterTitle":"","twitterDescription":"","twitterImage":"","twitterImageID":"","twitterHasOverlay":false,"twitterImageOverlay":"","twitterPlayerUrl":"","twitterPlayerSize":"","twitterPlayerStream":"","twitterPlayerStreamCtype":"","twitterAppDescription":"","twitterAppIphoneName":"","twitterAppIphoneID":"","twitterAppIphoneUrl":"","twitterAppIpadName":"","twitterAppIpadID":"","twitterAppIpadUrl":"","twitterAppGoogleplayName":"","twitterAppGoogleplayID":"","twitterAppGoogleplayUrl":"","twitterAppCountry":"","robots":{"index":true},"twitterAuthor":"nome utente","primaryTerm":0,"authorName":"Sandra C.","titleTemplate":"%title% %sep% %sitename%","descriptionTemplate":"%excerpt%","showScoreFrontend":true,"lockModifiedDate":false},"powerWords":["incredibile","sorprendente","meraviglioso","unico","bello","felicit\u00e0","brillante","affascinante","carismatico","scioccante","chiaro","completamente","riservato","fiducia","significativo","creativo","definitivamente","delizioso","dimostrare","sbrigati","determinato","degno","dinamico","impressionante","essenziale","ispiratore","innovativo","intenso","efficace","magico","magnifico","storico","importante","incredibile","indispensabile","indimenticabile","irresistibile","leggendario","luminoso","lusso","magico","magnifico","maestoso","memorabile","miracoloso","motivante","necessario","nuovo","ufficiale","perfetto","appassionato","persuasivo","fenomenale","piacere","popolare","potere","prestigioso","prodigioso","profondo","prospero","potente","qualit\u00e0","radiante","veloce","di successo","rivoluzionario","soddisfatto","sicurezza","sensazionale","sereno","lussuoso","splendido","sublime","sorprendente","talentuoso","terrificante","unico","valore","vibrante","vittorioso","vivace","veramente","zelante","autentico","avventuroso","spettacolare","esclusivo","garantito","straordinario","favoloso","affascinante","formidabile","geniale","grandioso","gratuito","abile","illimitato","impeccabile","infallibile","infinitamente","influente","ingegnoso","indimenticabile","insostituibile","leader","maestro","notevole","innovativo","pioniere","potente","riconosciuto","rivoluzionario","sorprendente","superiore","trionfante","ultra","coraggioso","prezioso","avanguardia","vigoroso","visionario","volont\u00e0","vitale","trionfo","glorioso","inarrestabile","ineguagliabile","intelligente","invincibile","libert\u00e0","orgoglio","pace","progresso","rinnovato","saggezza","soddisfazione","sicuro","serenit\u00e0","superamento","talento","trascendente","trasformativo","coraggio","vittoria"],"diacritics":{"A":"[\\u0041\\u24B6\\uFF21\\u00C0\\u00C1\\u00C2\\u1EA6\\u1EA4\\u1EAA\\u1EA8\\u00C3\\u0100\\u0102\\u1EB0\\u1EAE\\u1EB4\\u1EB2\\u0226\\u01E0\\u00C4\\u01DE\\u1EA2\\u00C5\\u01FA\\u01CD\\u0200\\u0202\\u1EA0\\u1EAC\\u1EB6\\u1E00\\u0104\\u023A\\u2C6F]","AA":"[\\uA732]","AE":"[\\u00C6\\u01FC\\u01E2]","AO":"[\\uA734]","AU":"[\\uA736]","AV":"[\\uA738\\uA73A]","AY":"[\\uA73C]","B":"[\\u0042\\u24B7\\uFF22\\u1E02\\u1E04\\u1E06\\u0243\\u0182\\u0181]","C":"[\\u0043\\u24B8\\uFF23\\u0106\\u0108\\u010A\\u010C\\u00C7\\u1E08\\u0187\\u023B\\uA73E]","D":"[\\u0044\\u24B9\\uFF24\\u1E0A\\u010E\\u1E0C\\u1E10\\u1E12\\u1E0E\\u0110\\u018B\\u018A\\u0189\\uA779]","DZ":"[\\u01F1\\u01C4]","Dz":"[\\u01F2\\u01C5]","E":"[\\u0045\\u24BA\\uFF25\\u00C8\\u00C9\\u00CA\\u1EC0\\u1EBE\\u1EC4\\u1EC2\\u1EBC\\u0112\\u1E14\\u1E16\\u0114\\u0116\\u00CB\\u1EBA\\u011A\\u0204\\u0206\\u1EB8\\u1EC6\\u0228\\u1E1C\\u0118\\u1E18\\u1E1A\\u0190\\u018E]","F":"[\\u0046\\u24BB\\uFF26\\u1E1E\\u0191\\uA77B]","G":"[\\u0047\\u24BC\\uFF27\\u01F4\\u011C\\u1E20\\u011E\\u0120\\u01E6\\u0122\\u01E4\\u0193\\uA7A0\\uA77D\\uA77E]","H":"[\\u0048\\u24BD\\uFF28\\u0124\\u1E22\\u1E26\\u021E\\u1E24\\u1E28\\u1E2A\\u0126\\u2C67\\u2C75\\uA78D]","I":"[\\u0049\\u24BE\\uFF29\\u00CC\\u00CD\\u00CE\\u0128\\u012A\\u012C\\u0130\\u00CF\\u1E2E\\u1EC8\\u01CF\\u0208\\u020A\\u1ECA\\u012E\\u1E2C\\u0197]","J":"[\\u004A\\u24BF\\uFF2A\\u0134\\u0248]","K":"[\\u004B\\u24C0\\uFF2B\\u1E30\\u01E8\\u1E32\\u0136\\u1E34\\u0198\\u2C69\\uA740\\uA742\\uA744\\uA7A2]","L":"[\\u004C\\u24C1\\uFF2C\\u013F\\u0139\\u013D\\u1E36\\u1E38\\u013B\\u1E3C\\u1E3A\\u0141\\u023D\\u2C62\\u2C60\\uA748\\uA746\\uA780]","LJ":"[\\u01C7]","Lj":"[\\u01C8]","M":"[\\u004D\\u24C2\\uFF2D\\u1E3E\\u1E40\\u1E42\\u2C6E\\u019C]","N":"[\\u004E\\u24C3\\uFF2E\\u01F8\\u0143\\u00D1\\u1E44\\u0147\\u1E46\\u0145\\u1E4A\\u1E48\\u0220\\u019D\\uA790\\uA7A4]","NJ":"[\\u01CA]","Nj":"[\\u01CB]","O":"[\\u004F\\u24C4\\uFF2F\\u00D2\\u00D3\\u00D4\\u1ED2\\u1ED0\\u1ED6\\u1ED4\\u00D5\\u1E4C\\u022C\\u1E4E\\u014C\\u1E50\\u1E52\\u014E\\u022E\\u0230\\u00D6\\u022A\\u1ECE\\u0150\\u01D1\\u020C\\u020E\\u01A0\\u1EDC\\u1EDA\\u1EE0\\u1EDE\\u1EE2\\u1ECC\\u1ED8\\u01EA\\u01EC\\u00D8\\u01FE\\u0186\\u019F\\uA74A\\uA74C]","OI":"[\\u01A2]","OO":"[\\uA74E]","OU":"[\\u0222]","P":"[\\u0050\\u24C5\\uFF30\\u1E54\\u1E56\\u01A4\\u2C63\\uA750\\uA752\\uA754]","Q":"[\\u0051\\u24C6\\uFF31\\uA756\\uA758\\u024A]","R":"[\\u0052\\u24C7\\uFF32\\u0154\\u1E58\\u0158\\u0210\\u0212\\u1E5A\\u1E5C\\u0156\\u1E5E\\u024C\\u2C64\\uA75A\\uA7A6\\uA782]","S":"[\\u0053\\u24C8\\uFF33\\u1E9E\\u015A\\u1E64\\u015C\\u1E60\\u0160\\u1E66\\u1E62\\u1E68\\u0218\\u015E\\u2C7E\\uA7A8\\uA784]","T":"[\\u0054\\u24C9\\uFF34\\u1E6A\\u0164\\u1E6C\\u021A\\u0162\\u1E70\\u1E6E\\u0166\\u01AC\\u01AE\\u023E\\uA786]","TZ":"[\\uA728]","U":"[\\u0055\\u24CA\\uFF35\\u00D9\\u00DA\\u00DB\\u0168\\u1E78\\u016A\\u1E7A\\u016C\\u00DC\\u01DB\\u01D7\\u01D5\\u01D9\\u1EE6\\u016E\\u0170\\u01D3\\u0214\\u0216\\u01AF\\u1EEA\\u1EE8\\u1EEE\\u1EEC\\u1EF0\\u1EE4\\u1E72\\u0172\\u1E76\\u1E74\\u0244]","V":"[\\u0056\\u24CB\\uFF36\\u1E7C\\u1E7E\\u01B2\\uA75E\\u0245]","VY":"[\\uA760]","W":"[\\u0057\\u24CC\\uFF37\\u1E80\\u1E82\\u0174\\u1E86\\u1E84\\u1E88\\u2C72]","X":"[\\u0058\\u24CD\\uFF38\\u1E8A\\u1E8C]","Y":"[\\u0059\\u24CE\\uFF39\\u1EF2\\u00DD\\u0176\\u1EF8\\u0232\\u1E8E\\u0178\\u1EF6\\u1EF4\\u01B3\\u024E\\u1EFE]","Z":"[\\u005A\\u24CF\\uFF3A\\u0179\\u1E90\\u017B\\u017D\\u1E92\\u1E94\\u01B5\\u0224\\u2C7F\\u2C6B\\uA762]","a":"[\\u0061\\u24D0\\uFF41\\u1E9A\\u00E0\\u00E1\\u00E2\\u1EA7\\u1EA5\\u1EAB\\u1EA9\\u00E3\\u0101\\u0103\\u1EB1\\u1EAF\\u1EB5\\u1EB3\\u0227\\u01E1\\u00E4\\u01DF\\u1EA3\\u00E5\\u01FB\\u01CE\\u0201\\u0203\\u1EA1\\u1EAD\\u1EB7\\u1E01\\u0105\\u2C65\\u0250]","aa":"[\\uA733]","ae":"[\\u00E6\\u01FD\\u01E3]","ao":"[\\uA735]","au":"[\\uA737]","av":"[\\uA739\\uA73B]","ay":"[\\uA73D]","b":"[\\u0062\\u24D1\\uFF42\\u1E03\\u1E05\\u1E07\\u0180\\u0183\\u0253]","c":"[\\u0063\\u24D2\\uFF43\\u0107\\u0109\\u010B\\u010D\\u00E7\\u1E09\\u0188\\u023C\\uA73F\\u2184]","d":"[\\u0064\\u24D3\\uFF44\\u1E0B\\u010F\\u1E0D\\u1E11\\u1E13\\u1E0F\\u0111\\u018C\\u0256\\u0257\\uA77A]","dz":"[\\u01F3\\u01C6]","e":"[\\u0065\\u24D4\\uFF45\\u00E8\\u00E9\\u00EA\\u1EC1\\u1EBF\\u1EC5\\u1EC3\\u1EBD\\u0113\\u1E15\\u1E17\\u0115\\u0117\\u00EB\\u1EBB\\u011B\\u0205\\u0207\\u1EB9\\u1EC7\\u0229\\u1E1D\\u0119\\u1E19\\u1E1B\\u0247\\u025B\\u01DD]","f":"[\\u0066\\u24D5\\uFF46\\u1E1F\\u0192\\uA77C]","g":"[\\u0067\\u24D6\\uFF47\\u01F5\\u011D\\u1E21\\u011F\\u0121\\u01E7\\u0123\\u01E5\\u0260\\uA7A1\\u1D79\\uA77F]","h":"[\\u0068\\u24D7\\uFF48\\u0125\\u1E23\\u1E27\\u021F\\u1E25\\u1E29\\u1E2B\\u1E96\\u0127\\u2C68\\u2C76\\u0265]","hv":"[\\u0195]","i":"[\\u0069\\u24D8\\uFF49\\u00EC\\u00ED\\u00EE\\u0129\\u012B\\u012D\\u00EF\\u1E2F\\u1EC9\\u01D0\\u0209\\u020B\\u1ECB\\u012F\\u1E2D\\u0268\\u0131]","j":"[\\u006A\\u24D9\\uFF4A\\u0135\\u01F0\\u0249]","k":"[\\u006B\\u24DA\\uFF4B\\u1E31\\u01E9\\u1E33\\u0137\\u1E35\\u0199\\u2C6A\\uA741\\uA743\\uA745\\uA7A3]","l":"[\\u006C\\u24DB\\uFF4C\\u0140\\u013A\\u013E\\u1E37\\u1E39\\u013C\\u1E3D\\u1E3B\\u017F\\u0142\\u019A\\u026B\\u2C61\\uA749\\uA781\\uA747]","lj":"[\\u01C9]","m":"[\\u006D\\u24DC\\uFF4D\\u1E3F\\u1E41\\u1E43\\u0271\\u026F]","n":"[\\u006E\\u24DD\\uFF4E\\u01F9\\u0144\\u00F1\\u1E45\\u0148\\u1E47\\u0146\\u1E4B\\u1E49\\u019E\\u0272\\u0149\\uA791\\uA7A5]","nj":"[\\u01CC]","o":"[\\u006F\\u24DE\\uFF4F\\u00F2\\u00F3\\u00F4\\u1ED3\\u1ED1\\u1ED7\\u1ED5\\u00F5\\u1E4D\\u022D\\u1E4F\\u014D\\u1E51\\u1E53\\u014F\\u022F\\u0231\\u00F6\\u022B\\u1ECF\\u0151\\u01D2\\u020D\\u020F\\u01A1\\u1EDD\\u1EDB\\u1EE1\\u1EDF\\u1EE3\\u1ECD\\u1ED9\\u01EB\\u01ED\\u00F8\\u01FF\\u0254\\uA74B\\uA74D\\u0275]","oi":"[\\u01A3]","ou":"[\\u0223]","oo":"[\\uA74F]","p":"[\\u0070\\u24DF\\uFF50\\u1E55\\u1E57\\u01A5\\u1D7D\\uA751\\uA753\\uA755]","q":"[\\u0071\\u24E0\\uFF51\\u024B\\uA757\\uA759]","r":"[\\u0072\\u24E1\\uFF52\\u0155\\u1E59\\u0159\\u0211\\u0213\\u1E5B\\u1E5D\\u0157\\u1E5F\\u024D\\u027D\\uA75B\\uA7A7\\uA783]","s":"[\\u0073\\u24E2\\uFF53\\u015B\\u1E65\\u015D\\u1E61\\u0161\\u1E67\\u1E63\\u1E69\\u0219\\u015F\\u023F\\uA7A9\\uA785\\u1E9B]","ss":"[\\u00DF]","t":"[\\u0074\\u24E3\\uFF54\\u1E6B\\u1E97\\u0165\\u1E6D\\u021B\\u0163\\u1E71\\u1E6F\\u0167\\u01AD\\u0288\\u2C66\\uA787]","tz":"[\\uA729]","u":"[\\u0075\\u24E4\\uFF55\\u00F9\\u00FA\\u00FB\\u0169\\u1E79\\u016B\\u1E7B\\u016D\\u00FC\\u01DC\\u01D8\\u01D6\\u01DA\\u1EE7\\u016F\\u0171\\u01D4\\u0215\\u0217\\u01B0\\u1EEB\\u1EE9\\u1EEF\\u1EED\\u1EF1\\u1EE5\\u1E73\\u0173\\u1E77\\u1E75\\u0289]","v":"[\\u0076\\u24E5\\uFF56\\u1E7D\\u1E7F\\u028B\\uA75F\\u028C]","vy":"[\\uA761]","w":"[\\u0077\\u24E6\\uFF57\\u1E81\\u1E83\\u0175\\u1E87\\u1E85\\u1E98\\u1E89\\u2C73]","x":"[\\u0078\\u24E7\\uFF58\\u1E8B\\u1E8D]","y":"[\\u0079\\u24E8\\uFF59\\u1EF3\\u00FD\\u0177\\u1EF9\\u0233\\u1E8F\\u00FF\\u1EF7\\u1E99\\u1EF5\\u01B4\\u024F\\u1EFF]","z":"[\\u007A\\u24E9\\uFF5A\\u017A\\u1E91\\u017C\\u017E\\u1E93\\u1E95\\u01B6\\u0225\\u0240\\u2C6C\\uA763]"},"researchesTests":["contentHasTOC","contentHasShortParagraphs","contentHasAssets","keywordInTitle","keywordInMetaDescription","keywordInPermalink","keywordIn10Percent","keywordInContent","keywordInSubheadings","keywordInImageAlt","keywordDensity","keywordNotUsed","lengthContent","lengthPermalink","linksHasInternal","linksHasExternals","linksNotAllExternals","titleStartWithKeyword","titleSentiment","titleHasPowerWords","titleHasNumber","hasContentAI"],"hasRedirection":false,"hasBreadcrumb":false},"homeUrl":"https:\/\/divinidigital.com\/it","objectID":18328,"objectType":"post","locale":"it","localeFull":"it_IT","overlayImages":{"play":{"name":"Icona di riproduzione","url":"https:\/\/divinidigital.com\/wp-content\/plugins\/seo-by-rank-math\/assets\/admin\/img\/icon-play.png","path":"\/home\/u582797722\/domains\/divinidigital.com\/public_html\/wp-content\/plugins\/seo-by-rank-math\/assets\/admin\/img\/icon-play.png","position":"middle_center"},"gif":{"name":"Icona GIF","url":"https:\/\/divinidigital.com\/wp-content\/plugins\/seo-by-rank-math\/assets\/admin\/img\/icon-gif.png","path":"\/home\/u582797722\/domains\/divinidigital.com\/public_html\/wp-content\/plugins\/seo-by-rank-math\/assets\/admin\/img\/icon-gif.png","position":"middle_center"}},"defautOgImage":"https:\/\/divinidigital.com\/wp-content\/plugins\/seo-by-rank-math\/assets\/admin\/img\/social-placeholder.jpg","customPermalinks":true,"isUserRegistered":false,"autoSuggestKeywords":false,"connectSiteUrl":"https:\/\/rankmath.com\/auth?site=https%3A%2F%2Fdivinidigital.com%2Fit&r=https%3A%2F%2Fdivinidigital.com%2Fit%2Fwp-json%2Fwp%2Fv2%2Fpages%2F18328%3Fnonce%3Db2132c9def","maxTags":5,"trendsIcon":"<svg viewBox=\"0 0 610 610\"><path d=\"M18.85,446,174.32,290.48l58.08,58.08L76.93,504a14.54,14.54,0,0,1-20.55,0L18.83,466.48a14.54,14.54,0,0,1,0-20.55Z\" style=\"fill:#4285f4\"\/><path d=\"M242.65,242.66,377.59,377.6l-47.75,47.75a14.54,14.54,0,0,1-20.55,0L174.37,290.43l47.75-47.75A14.52,14.52,0,0,1,242.65,242.66Z\" style=\"fill:#ea4335\"\/><polygon points=\"319.53 319.53 479.26 159.8 537.34 217.88 377.61 377.62 319.53 319.53\" style=\"fill:#fabb05\"\/><path d=\"M594.26,262.73V118.61h0a16.94,16.94,0,0,0-16.94-16.94H433.2a16.94,16.94,0,0,0-12,28.92L565.34,274.71h0a16.94,16.94,0,0,0,28.92-12Z\" style=\"fill:#34a853\"\/><rect width=\"610\" height=\"610\" style=\"fill:none\"\/><\/svg>","showScore":true,"siteFavIcon":"https:\/\/divinidigital.com\/wp-content\/uploads\/2024\/10\/cropped-Divin-Digital-copia-4-32x32.png","canUser":{"general":false,"advanced":false,"snippet":false,"social":false,"analysis":false,"analytics":false,"content_ai":false},"isPro":false,"is_front_page":false,"trendsUpgradeLink":"https:\/\/rankmath.com\/pricing\/?utm_source=Plugin&utm_medium=CE%20General%20Tab%20Trends&utm_campaign=WP","trendsUpgradeLabel":"Aggiorna","trendsPreviewImage":"https:\/\/divinidigital.com\/wp-content\/plugins\/seo-by-rank-math\/assets\/admin\/img\/trends-preview.jpg","currentEditor":false,"homepageData":{"assessor":{"powerWords":["incredibile","sorprendente","meraviglioso","unico","bello","felicit\u00e0","brillante","affascinante","carismatico","scioccante","chiaro","completamente","riservato","fiducia","significativo","creativo","definitivamente","delizioso","dimostrare","sbrigati","determinato","degno","dinamico","impressionante","essenziale","ispiratore","innovativo","intenso","efficace","magico","magnifico","storico","importante","incredibile","indispensabile","indimenticabile","irresistibile","leggendario","luminoso","lusso","magico","magnifico","maestoso","memorabile","miracoloso","motivante","necessario","nuovo","ufficiale","perfetto","appassionato","persuasivo","fenomenale","piacere","popolare","potere","prestigioso","prodigioso","profondo","prospero","potente","qualit\u00e0","radiante","veloce","di successo","rivoluzionario","soddisfatto","sicurezza","sensazionale","sereno","lussuoso","splendido","sublime","sorprendente","talentuoso","terrificante","unico","valore","vibrante","vittorioso","vivace","veramente","zelante","autentico","avventuroso","spettacolare","esclusivo","garantito","straordinario","favoloso","affascinante","formidabile","geniale","grandioso","gratuito","abile","illimitato","impeccabile","infallibile","infinitamente","influente","ingegnoso","indimenticabile","insostituibile","leader","maestro","notevole","innovativo","pioniere","potente","riconosciuto","rivoluzionario","sorprendente","superiore","trionfante","ultra","coraggioso","prezioso","avanguardia","vigoroso","visionario","volont\u00e0","vitale","trionfo","glorioso","inarrestabile","ineguagliabile","intelligente","invincibile","libert\u00e0","orgoglio","pace","progresso","rinnovato","saggezza","soddisfazione","sicuro","serenit\u00e0","superamento","talento","trascendente","trasformativo","coraggio","vittoria"],"diacritics":true,"researchesTests":["contentHasTOC","contentHasShortParagraphs","contentHasAssets","keywordInTitle","keywordInMetaDescription","keywordInPermalink","keywordIn10Percent","keywordInContent","keywordInSubheadings","keywordInImageAlt","keywordDensity","keywordNotUsed","lengthContent","lengthPermalink","linksHasInternal","linksHasExternals","linksNotAllExternals","titleStartWithKeyword","titleSentiment","titleHasPowerWords","titleHasNumber","hasContentAI"],"hasBreadcrumb":false,"serpData":{"title":"%sitename% %page% %sep% %sitedesc%","description":"","titleTemplate":"%sitename% %page% %sep% %sitedesc%","descriptionTemplate":"","focusKeywords":"","breadcrumbTitle":"Home","robots":{"index":true},"advancedRobots":[],"facebookTitle":"","facebookDescription":"","facebookImage":"","facebookImageID":""}}},"tocTitle":"Table of Contents","tocExcludeHeadings":[],"listStyle":"ul"},"_links":{"self":[{"href":"https:\/\/divinidigital.com\/it\/wp-json\/wp\/v2\/pages\/18328","targetHints":{"allow":["GET"]}}],"collection":[{"href":"https:\/\/divinidigital.com\/it\/wp-json\/wp\/v2\/pages"}],"about":[{"href":"https:\/\/divinidigital.com\/it\/wp-json\/wp\/v2\/types\/page"}],"author":[{"embeddable":true,"href":"https:\/\/divinidigital.com\/it\/wp-json\/wp\/v2\/users\/2"}],"replies":[{"embeddable":true,"href":"https:\/\/divinidigital.com\/it\/wp-json\/wp\/v2\/comments?post=18328"}],"version-history":[{"count":14,"href":"https:\/\/divinidigital.com\/it\/wp-json\/wp\/v2\/pages\/18328\/revisions"}],"predecessor-version":[{"id":19836,"href":"https:\/\/divinidigital.com\/it\/wp-json\/wp\/v2\/pages\/18328\/revisions\/19836"}],"wp:attachment":[{"href":"https:\/\/divinidigital.com\/it\/wp-json\/wp\/v2\/media?parent=18328"}],"curies":[{"name":"wp","href":"https:\/\/api.w.org\/{rel}","templated":true}]}}